{"id":819,"date":"2019-03-26T12:47:14","date_gmt":"2019-03-26T15:47:14","guid":{"rendered":"https:\/\/saogoncalodobacao.com.br\/sao-goncalo-do-bacao\/tips-about-the-region\/"},"modified":"2022-08-26T11:50:17","modified_gmt":"2022-08-26T14:50:17","slug":"tips-about-the-region","status":"publish","type":"page","link":"https:\/\/saogoncalodobacao.com.br\/en\/sao-goncalo-do-bacao\/tips-about-the-region\/","title":{"rendered":"Tips about the region"},"content":{"rendered":"\n<p>Like every location in the world, S\u00e3o Gon\u00e7alo do Ba\u00e7\u00e3o has some peculiarities that must be observed. Here are some simple tips to make your visit safer and more pleasant.<\/p>\n\n<h3 class=\"wp-block-heading\">Bring cash<\/h3>\n\n<p> Many of the local businesses and producers do not accept credit card. To experience every spot and take gifts and souvenirs home, having money on you might make all the difference. If you do not, though, do not worry: there are businesses that offer the technology and there is no reason for problems;<\/p>\n\n<h3 class=\"wp-block-heading\">Turn off your stereo!<\/h3>\n\n<p> S\u00e3o Gon\u00e7alo do Ba\u00e7\u00e3o is a place where work begins early in the morning and where quietness embraces entire families, the elderly and the very young alike. Respecting people&#8217;s time to rest and the tranquility they look for here is going to make your visit a delight to everyone;<\/p>\n\n<h3 class=\"wp-block-heading\">Leave only footprints<\/h3>\n\n<p> While visiting the beauties that S\u00e3o Gon\u00e7alo do Ba\u00e7\u00e3o has to offer, be careful not to litter or depredate the place; Do not abuse animals or plants Our natural and cultural heritages deserve respect and care.<\/p>\n\n<h3 class=\"wp-block-heading\">Stay safe<\/h3>\n\n<p> While visiting trails and waterfalls, be careful! Do not take chances on closed or unknown trails. It is possible to find venomous animals and plants, or yet, get lost with not going back.<\/p>\n\n<p>In the waterfalls, every caution is too little &#8211; specially when there is alcohol intake (what is not recommended). Pay extra attention to slippery rocks and also during jumps (which are discouraged). Enjoy a good waterfall bath, without excesses and without taking unnecessary risks.<\/p>\n\n<h3 class=\"wp-block-heading\">Attention behind the wheel<\/h3>\n\n<p> Access to S\u00e3o Gon\u00e7alo do Ba\u00e7\u00e3o can be done in two ways, starting from Itabirito. One of them, although paved, is winding and busy, the road most used by tourists, residents and service cars. It is essential to pay close attention, since it is also possible to find animals on the track, ground in risky conditions (mud, pond water) and fog.<\/p>\n\n<p>The other road, in addition to all the risks mentioned above, is a dirt road. Gravel, dust, constant mud can pose an even greater risk. Travel safely, without abusing speed and keep in mind that it&#8217;s not just your life that can be at risk. A car accident transforms everyone&#8217;s lives, victims, family, friends.<\/p>\n","protected":false},"excerpt":{"rendered":"<p>Like every location in the world, S&atilde;o Gon&ccedil;alo do Ba&ccedil;&atilde;o has some peculiarities that must be observed. Here are some simple tips to make your visit safer and more pleasant. Bring cash Many of the local businesses and producers do not accept credit card. To experience every spot and take gifts and souvenirs home, having [&hellip;]<\/p>\n","protected":false},"author":1,"featured_media":0,"parent":755,"menu_order":0,"comment_status":"closed","ping_status":"closed","template":"","meta":{"_acf_changed":false,"footnotes":""},"class_list":["post-819","page","type-page","status-publish","hentry"],"acf":[],"_links":{"self":[{"href":"https:\/\/saogoncalodobacao.com.br\/en\/wp-json\/wp\/v2\/pages\/819","targetHints":{"allow":["GET"]}}],"collection":[{"href":"https:\/\/saogoncalodobacao.com.br\/en\/wp-json\/wp\/v2\/pages"}],"about":[{"href":"https:\/\/saogoncalodobacao.com.br\/en\/wp-json\/wp\/v2\/types\/page"}],"author":[{"embeddable":true,"href":"https:\/\/saogoncalodobacao.com.br\/en\/wp-json\/wp\/v2\/users\/1"}],"replies":[{"embeddable":true,"href":"https:\/\/saogoncalodobacao.com.br\/en\/wp-json\/wp\/v2\/comments?post=819"}],"version-history":[{"count":1,"href":"https:\/\/saogoncalodobacao.com.br\/en\/wp-json\/wp\/v2\/pages\/819\/revisions"}],"predecessor-version":[{"id":820,"href":"https:\/\/saogoncalodobacao.com.br\/en\/wp-json\/wp\/v2\/pages\/819\/revisions\/820"}],"up":[{"embeddable":true,"href":"https:\/\/saogoncalodobacao.com.br\/en\/wp-json\/wp\/v2\/pages\/755"}],"wp:attachment":[{"href":"https:\/\/saogoncalodobacao.com.br\/en\/wp-json\/wp\/v2\/media?parent=819"}],"curies":[{"name":"wp","href":"https:\/\/api.w.org\/{rel}","templated":true}]}}