{"id":757,"date":"2019-03-26T12:46:56","date_gmt":"2019-03-26T15:46:56","guid":{"rendered":"https:\/\/saogoncalodobacao.com.br\/sao-goncalo-do-bacao\/how-to-get\/"},"modified":"2022-05-17T21:13:11","modified_gmt":"2022-05-18T00:13:11","slug":"how-to-get","status":"publish","type":"page","link":"https:\/\/saogoncalodobacao.com.br\/en\/sao-goncalo-do-bacao\/how-to-get\/","title":{"rendered":"How to get"},"content":{"rendered":"\n<p>The S\u00e3o Gon\u00e7alo do Ba\u00e7\u00e3o district is 69km away from Belo Horizonte, close to Itabirito. Follow the map and get here safe!<\/p>\n<p>[wpgmza id=&#8221;1&#8243;]<\/p>\n","protected":false},"excerpt":{"rendered":"<p>The S&atilde;o Gon&ccedil;alo do Ba&ccedil;&atilde;o district is 69km away from Belo Horizonte, close to Itabirito. Follow the map and get here safe!<\/p>\n","protected":false},"author":1,"featured_media":0,"parent":755,"menu_order":0,"comment_status":"closed","ping_status":"closed","template":"","meta":{"_acf_changed":false,"footnotes":""},"class_list":["post-757","page","type-page","status-publish","hentry"],"acf":[],"_links":{"self":[{"href":"https:\/\/saogoncalodobacao.com.br\/en\/wp-json\/wp\/v2\/pages\/757","targetHints":{"allow":["GET"]}}],"collection":[{"href":"https:\/\/saogoncalodobacao.com.br\/en\/wp-json\/wp\/v2\/pages"}],"about":[{"href":"https:\/\/saogoncalodobacao.com.br\/en\/wp-json\/wp\/v2\/types\/page"}],"author":[{"embeddable":true,"href":"https:\/\/saogoncalodobacao.com.br\/en\/wp-json\/wp\/v2\/users\/1"}],"replies":[{"embeddable":true,"href":"https:\/\/saogoncalodobacao.com.br\/en\/wp-json\/wp\/v2\/comments?post=757"}],"version-history":[{"count":1,"href":"https:\/\/saogoncalodobacao.com.br\/en\/wp-json\/wp\/v2\/pages\/757\/revisions"}],"predecessor-version":[{"id":758,"href":"https:\/\/saogoncalodobacao.com.br\/en\/wp-json\/wp\/v2\/pages\/757\/revisions\/758"}],"up":[{"embeddable":true,"href":"https:\/\/saogoncalodobacao.com.br\/en\/wp-json\/wp\/v2\/pages\/755"}],"wp:attachment":[{"href":"https:\/\/saogoncalodobacao.com.br\/en\/wp-json\/wp\/v2\/media?parent=757"}],"curies":[{"name":"wp","href":"https:\/\/api.w.org\/{rel}","templated":true}]}}