{"id":755,"date":"2019-03-26T12:46:09","date_gmt":"2019-03-26T15:46:09","guid":{"rendered":"https:\/\/saogoncalodobacao.com.br\/sao-goncalo-do-bacao\/"},"modified":"2022-05-17T21:11:22","modified_gmt":"2022-05-18T00:11:22","slug":"sao-goncalo-do-bacao","status":"publish","type":"page","link":"https:\/\/saogoncalodobacao.com.br\/en\/sao-goncalo-do-bacao\/","title":{"rendered":"S\u00e3o Gon\u00e7alo do Ba\u00e7\u00e3o"},"content":{"rendered":"\n<p><a href=\"https:\/\/saogoncalodobacao.com.br\/sao-goncalo-do-bacao\/historia\/\">History<\/a><br\/><a href=\"https:\/\/saogoncalodobacao.com.br\/sao-goncalo-do-bacao\/galeria-de-fotos\/\">Photo gallery<\/a><br\/><a href=\"https:\/\/saogoncalodobacao.com.br\/sao-goncalo-do-bacao\/como-chegar\/\">How to get<\/a><br\/><a href=\"https:\/\/saogoncalodobacao.com.br\/sao-goncalo-do-bacao\/dicas-sobre-a-regiao\/\">Tips about the region<\/a><br\/><a href=\"https:\/\/saogoncalodobacao.com.br\/sao-goncalo-do-bacao\/jose-victor\/\">Jos\u00e9 Vitor<\/a><\/p>\n","protected":false},"excerpt":{"rendered":"<p>HistoryPhoto galleryHow to getTips about the regionJos&eacute; Vitor<\/p>\n","protected":false},"author":1,"featured_media":0,"parent":0,"menu_order":0,"comment_status":"closed","ping_status":"closed","template":"","meta":{"_acf_changed":false,"footnotes":""},"class_list":["post-755","page","type-page","status-publish","hentry"],"acf":[],"_links":{"self":[{"href":"https:\/\/saogoncalodobacao.com.br\/en\/wp-json\/wp\/v2\/pages\/755","targetHints":{"allow":["GET"]}}],"collection":[{"href":"https:\/\/saogoncalodobacao.com.br\/en\/wp-json\/wp\/v2\/pages"}],"about":[{"href":"https:\/\/saogoncalodobacao.com.br\/en\/wp-json\/wp\/v2\/types\/page"}],"author":[{"embeddable":true,"href":"https:\/\/saogoncalodobacao.com.br\/en\/wp-json\/wp\/v2\/users\/1"}],"replies":[{"embeddable":true,"href":"https:\/\/saogoncalodobacao.com.br\/en\/wp-json\/wp\/v2\/comments?post=755"}],"version-history":[{"count":1,"href":"https:\/\/saogoncalodobacao.com.br\/en\/wp-json\/wp\/v2\/pages\/755\/revisions"}],"predecessor-version":[{"id":756,"href":"https:\/\/saogoncalodobacao.com.br\/en\/wp-json\/wp\/v2\/pages\/755\/revisions\/756"}],"wp:attachment":[{"href":"https:\/\/saogoncalodobacao.com.br\/en\/wp-json\/wp\/v2\/media?parent=755"}],"curies":[{"name":"wp","href":"https:\/\/api.w.org\/{rel}","templated":true}]}}