{"id":748,"date":"2022-03-07T08:34:49","date_gmt":"2022-03-07T11:34:49","guid":{"rendered":"https:\/\/saogoncalodobacao.com.br\/sao-goncalo-do-bacao-cultural-and-natural-heritage-circuit\/"},"modified":"2022-11-19T15:21:31","modified_gmt":"2022-11-19T18:21:31","slug":"heritage","status":"publish","type":"page","link":"https:\/\/saogoncalodobacao.com.br\/en\/heritage\/","title":{"rendered":"S\u00e3o Gon\u00e7alo do Ba\u00e7\u00e3o Cultural and Natural Heritage Circuit"},"content":{"rendered":"\n<p>This project aims, meeting the demands of the community of S\u00e3o Gon\u00e7alo do Ba\u00e7\u00e3o, municipality of Itabirito, together with the SAFM Minera\u00e7\u00e3o, to value its Cultural Heritage, providing the definition of primordial historical circuits of historical and tourist interest in the locality, through activities of a comprehensive Integrated Action Plan.<\/p>\n\n<p>21 cultural assets were chosen to be part of a signaling and inventory system, which will compose 3 Circuits, namely: \u201cFountains\u201d, \u201cAlleys\u201d and \u201cHistorical Attractions\u201d (civil and religious). They will also form part of a \u201cDigital Asset Signaling System\u201d, following the reference standards and legislation. <\/p>\n","protected":false},"excerpt":{"rendered":"<p>This project aims, meeting the demands of the community of S&atilde;o Gon&ccedil;alo do Ba&ccedil;&atilde;o, municipality of Itabirito, together with the SAFM Minera&ccedil;&atilde;o, to value its Cultural Heritage, providing the definition of primordial historical circuits of historical and tourist interest in the locality, through activities of a comprehensive Integrated Action Plan. 21 cultural assets were chosen [&hellip;]<\/p>\n","protected":false},"author":1,"featured_media":0,"parent":0,"menu_order":0,"comment_status":"closed","ping_status":"closed","template":"page-circuito.php","meta":{"_acf_changed":false,"footnotes":""},"class_list":["post-748","page","type-page","status-publish","hentry"],"acf":[],"_links":{"self":[{"href":"https:\/\/saogoncalodobacao.com.br\/en\/wp-json\/wp\/v2\/pages\/748","targetHints":{"allow":["GET"]}}],"collection":[{"href":"https:\/\/saogoncalodobacao.com.br\/en\/wp-json\/wp\/v2\/pages"}],"about":[{"href":"https:\/\/saogoncalodobacao.com.br\/en\/wp-json\/wp\/v2\/types\/page"}],"author":[{"embeddable":true,"href":"https:\/\/saogoncalodobacao.com.br\/en\/wp-json\/wp\/v2\/users\/1"}],"replies":[{"embeddable":true,"href":"https:\/\/saogoncalodobacao.com.br\/en\/wp-json\/wp\/v2\/comments?post=748"}],"version-history":[{"count":2,"href":"https:\/\/saogoncalodobacao.com.br\/en\/wp-json\/wp\/v2\/pages\/748\/revisions"}],"predecessor-version":[{"id":1423,"href":"https:\/\/saogoncalodobacao.com.br\/en\/wp-json\/wp\/v2\/pages\/748\/revisions\/1423"}],"wp:attachment":[{"href":"https:\/\/saogoncalodobacao.com.br\/en\/wp-json\/wp\/v2\/media?parent=748"}],"curies":[{"name":"wp","href":"https:\/\/api.w.org\/{rel}","templated":true}]}}