{"id":1530,"date":"2019-05-09T14:18:46","date_gmt":"2019-05-09T17:18:46","guid":{"rendered":"https:\/\/saogoncalodobacao.com.br\/about-this-website\/"},"modified":"2022-11-26T11:29:12","modified_gmt":"2022-11-26T14:29:12","slug":"about-this-website","status":"publish","type":"page","link":"https:\/\/saogoncalodobacao.com.br\/en\/about-this-website\/","title":{"rendered":"About this website"},"content":{"rendered":"\n<p>S\u00e3o Gon\u00e7alo do Ba\u00e7\u00e3o is a beautiful place, with immense tourist potential. In addition to natural beauties, the village has an unparalleled cultural and heritage wealth. Theater group, Ba\u00e7\u00e3o Cultural Fair, Cacha\u00e7a Circuit, Religious Path on Estrada Real etc are some of the possible tours that must be visible to the avid tourist.<\/p>\n\n<p>This portal is a private initiative, forged, in principle, by the love of this place. Highlighting the attractiveness of S\u00e3o Gon\u00e7alo do Ba\u00e7\u00e3o while trying to preserve it is the idea behind this compendium of information. Designed and programmed by local designer Luiz Cotta, with the support of geographer \u00cdcaro Brito and cultural producer Clarisse Marinho, saogoncalodobacao.com.br intends to be a reference for everything related to this village.<\/p>\n\n<p>We put a lot of work into this tool and we know that there is always a lot of work ahead. The effort is worth it, however, if we manage to give little Gon\u00e7alo the attention and care he deserves from everyone!<\/p>\n\n<p>Welcome!<\/p>\n\n<h4 class=\"wp-block-heading\"> Beta version<\/h4>\n\n<p>This portal is a personal initiative and, as such, comes up against traditional setbacks, such as a lack of resources. We are operating in beta, aware of the work ahead. The changes will come in droves, non-stop, and we count on everyone&#8217;s understanding for any technical problems.<\/p>\n","protected":false},"excerpt":{"rendered":"<p>S&atilde;o Gon&ccedil;alo do Ba&ccedil;&atilde;o is a beautiful place, with immense tourist potential. In addition to natural beauties, the village has an unparalleled cultural and heritage wealth. Theater group, Ba&ccedil;&atilde;o Cultural Fair, Cacha&ccedil;a Circuit, Religious Path on Estrada Real etc are some of the possible tours that must be visible to the avid tourist. This portal [&hellip;]<\/p>\n","protected":false},"author":1,"featured_media":0,"parent":0,"menu_order":0,"comment_status":"closed","ping_status":"closed","template":"","meta":{"_acf_changed":false,"footnotes":""},"class_list":["post-1530","page","type-page","status-publish","hentry"],"acf":[],"_links":{"self":[{"href":"https:\/\/saogoncalodobacao.com.br\/en\/wp-json\/wp\/v2\/pages\/1530","targetHints":{"allow":["GET"]}}],"collection":[{"href":"https:\/\/saogoncalodobacao.com.br\/en\/wp-json\/wp\/v2\/pages"}],"about":[{"href":"https:\/\/saogoncalodobacao.com.br\/en\/wp-json\/wp\/v2\/types\/page"}],"author":[{"embeddable":true,"href":"https:\/\/saogoncalodobacao.com.br\/en\/wp-json\/wp\/v2\/users\/1"}],"replies":[{"embeddable":true,"href":"https:\/\/saogoncalodobacao.com.br\/en\/wp-json\/wp\/v2\/comments?post=1530"}],"version-history":[{"count":1,"href":"https:\/\/saogoncalodobacao.com.br\/en\/wp-json\/wp\/v2\/pages\/1530\/revisions"}],"predecessor-version":[{"id":1531,"href":"https:\/\/saogoncalodobacao.com.br\/en\/wp-json\/wp\/v2\/pages\/1530\/revisions\/1531"}],"wp:attachment":[{"href":"https:\/\/saogoncalodobacao.com.br\/en\/wp-json\/wp\/v2\/media?parent=1530"}],"curies":[{"name":"wp","href":"https:\/\/api.w.org\/{rel}","templated":true}]}}